{"id":42,"date":"2014-02-22T21:24:20","date_gmt":"2014-02-22T20:24:20","guid":{"rendered":"https:\/\/localhost:4443\/sebrem.de\/blog\/?page_id=42"},"modified":"2016-01-06T15:58:32","modified_gmt":"2016-01-06T14:58:32","slug":"neu-in-new-to-nuevo-en-dortmund","status":"publish","type":"page","link":"https:\/\/blog.sebrem.de\/?page_id=42","title":{"rendered":"Neu in \/ New to \/ Nuevo en Dortmund"},"content":{"rendered":"<p>This page is intended to list some opportunities to get into contact to other people in Dortmund. Please leave new suggesstions or corrections in the comments if you like \ud83d\ude42 . For nearly every page mentioned you&#8217;ll have to sign up, though.<\/p>\n<h2>International<\/h2>\n<h3>Sprachcaf\u00e9 \/ language exchange<\/h3>\n<p>Every 1st and 3rd Tuesday there&#8217;s a <a href=\"https:\/\/blog.sebrem.de\/?page_id=1078\">language exchange<\/a> in <a href=\"https:\/\/blog.sebrem.de\/?location=musik-und-kulturzentrums-muk\">MUK (G\u00fcntherstra\u00dfe)<\/a>. Everyone&#8217;s welcome! See <a href=\"https:\/\/blog.sebrem.de\/?page_id=1078\">this page<\/a> for more information or visit the <a href=\"https:\/\/www.facebook.com\/SprachcafeamOstpark\">facebook page<\/a>.<BR><br \/>\nJeden 1. und 3. Dienstag findet ein <a href=\"https:\/\/blog.sebrem.de\/?page_id=1078\">Sprachcaf\u00e9<\/a> im <a href=\"https:\/\/blog.sebrem.de\/?location=musik-und-kulturzentrums-muk\">MUK (G\u00fcntherstra\u00dfe)<\/a> statt. Jeder ist willkommen! Mehr Informationen gibt es auch auf <a href=\"https:\/\/blog.sebrem.de\/?page_id=1078\">dieser Seite<\/a> oder auf der <a href=\"https:\/\/www.facebook.com\/SprachcafeamOstpark\">Facebookseite<\/a>.<\/p>\n<h2>Deutsch<\/h2>\n<h3>Facebook<\/h3>\n<ul>\n<li>Die einfachste Anlaufstelle auf FB ist sicherlich die Gruppe &#8220;<a title=\"Neu in Dortmund\" href=\"https:\/\/www.facebook.com\/groups\/NeuInDo\/\">Neu in Dortmund<\/a>&#8220;. Hier kann man schnell Leute f\u00fcr gemeinsame Treffen kennenlernen. Es gibt organisierte, w\u00f6chentliche Treffen (Stammtisch).<\/li>\n<li>Leute aus aller Welt trifft man in der Gruppe &#8220;<a title=\"International Get-Togethers in Dortmund\" href=\"https:\/\/www.facebook.com\/groups\/214135382084832\/\">International Get-Togethers in Dortmund<\/a>&#8220;.<\/li>\n<li>Die CouchSurfer aus Dortmund diskutieren auch in der FB-Gruppe &#8220;<a title=\"CouchSurfing - Dortmund\" href=\"https:\/\/www.facebook.com\/groups\/couchsurfingDO\/\">CouchSurfing &#8211; Dortmund<\/a>&#8220;.<\/li>\n<\/ul>\n<h3>Hospitality Exchange<\/h3>\n<ul>\n<li>Auf BeWelcome gibt es eine <a title=\"Dortmund-Gruppe\" href=\"http:\/\/www.bewelcome.org\/groups\/535\">Dortmund-Gruppe<\/a>.<\/li>\n<li>In Dortmund gibt es eine gro\u00dfe CouchSurfing Community mit vielen Events. Anlaufstellen sind hier das geographisch um Dortmund herum verortete &#8220;<a title=\"Local Travel Discussions\" href=\"https:\/\/www.couchsurfing.com\/nearby\/51.5237979\/7.471851\/Dortmund,%20North%20Rhine-Westphalia,%20Germany\">Diskussionsforum<\/a>&#8221; und die klassische Gruppe &#8220;<a title=\"Dortmund\" href=\"https:\/\/www.couchsurfing.org\/group.html?gid=8167\">Dortmund<\/a>&#8220;.<\/li>\n<\/ul>\n<h3>Spontacts<\/h3>\n<ul>\n<li>\u00a0Auf <a title=\"Spontacts\" href=\"https:\/\/www.spontacts.com\/\">Spontacts<\/a> kann man die Suche auf den Umkreis um Dortmund eingrenzen, es gibt viele Aktivit\u00e4ten.<\/li>\n<\/ul>\n<h2>Englisch<\/h2>\n<h3>Facebook<\/h3>\n<ul>\n<li>You can meet people from all over the world in &#8220;<a title=\"International Get-Togethers in Dortmund\" href=\"https:\/\/www.facebook.com\/groups\/214135382084832\/\">International Get-Togethers in Dortmund<\/a>&#8220;.<\/li>\n<li>CouchSurfers from Dortmund also use the FB group &#8220;<a title=\"CouchSurfing - Dortmund\" href=\"https:\/\/www.facebook.com\/groups\/couchsurfingDO\/\">CouchSurfing &#8211; Dortmund<\/a>&#8221; for discussions.<\/li>\n<\/ul>\n<h3>Groops<\/h3>\n<ul>\n<li>\u00a0There&#8217;s a monthly English speaking <a title=\"meeting\" href=\"http:\/\/www.groops.de\/english-regular-table-dortmund\">meeting<\/a> organized on groops.<\/li>\n<\/ul>\n<h3>Hospitality Exchange<\/h3>\n<ul>\n<li>On BeWelcome there&#8217;s a group\u00a0for <a title=\"Dortmund\" href=\"http:\/\/www.bewelcome.org\/groups\/535\">Dortmund<\/a>.<\/li>\n<li>In Dortmund there&#8217;s a large CouchSurfing community with many events. See the &#8220;<a title=\"Local Travel Discussions\" href=\"https:\/\/www.couchsurfing.com\/nearby\/51.5237979\/7.471851\/Dortmund,%20North%20Rhine-Westphalia,%20Germany\">discussion forum<\/a>&#8221; geolocated around Dortmund or the classic group &#8220;<a title=\"Dortmund\" href=\"https:\/\/www.couchsurfing.org\/group.html?gid=8167\">Dortmund<\/a>&#8220;.<\/li>\n<\/ul>\n<h3>Toytown<\/h3>\n<ul>\n<li>\u00a0You can find mostly expats on <a title=\"ToyTown Germany\" href=\"http:\/\/www.toytowngermany.com\">ToyTown Germany<\/a> &#8211; see <a title=\"this forum entry\" href=\"http:\/\/www.toytowngermany.com\/forum\/index.php?showtopic=301756\">this forum entry<\/a> for some Dortmund activity.<\/li>\n<\/ul>\n<h3>Meetup.com<\/h3>\n<ul>\n<li>\u00a0There&#8217;s a group <a title=\"Expatriate's Meetup In Essen\" href=\"http:\/\/www.meetup.com\/Expatriate-Meetup-in-Essen\/\">Expatriate&#8217;s Meetup In Essen<\/a> which seems to be very active. I&#8217;m signed up there but unfortunately did not make it to one of the meetings yet.<\/li>\n<\/ul>\n<h3>InterNations<\/h3>\n<ul>\n<li>\u00a0I did not sign up to Internations yet, but there seems to be a group <a title=\"Dortmund expat Community for Dortmund expats\" href=\"http:\/\/www.internations.org\/dortmund-expats\">Dortmund expat Community for Dortmund expats<\/a> as well. If you&#8217;re a member there, don&#8217;t hesitate to tell me about your experiences!<\/li>\n<\/ul>\n<h2>Espa\u00f1ol<\/h2>\n<h3>Facebook<\/h3>\n<ul>\n<li>\u00a0En Dortmund hay 2 grupos, &#8220;<a title=\"Espa\u00f1ol Dortmund\" href=\"https:\/\/www.facebook.com\/groups\/espanol.dortmund\/\">Espa\u00f1ol Dortmund<\/a>&#8220;, este grupo se encuentre el 2. y 4. jueves, y &#8220;<a title=\"Tandem in Dortmund (Deutsch-Spanisch)\" href=\"https:\/\/www.facebook.com\/groups\/352911741573\/\">Tandem in Dortmund (Deutsch-Spanisch)<\/a>&#8220;, este grupo se re\u00fane cada los domingos.<\/li>\n<\/ul>\n<h3>Intercambio de hospitalidad<\/h3>\n<ul>\n<li>Podr\u00edas escribir en espa\u00f1ol en BeWelcome, en el grupo\u00a0<a title=\"Dortmund\" href=\"http:\/\/www.bewelcome.org\/groups\/535\">Dortmund<\/a>.<\/li>\n<li>CouchSurfing es internacional tamb\u00eden, visite la pagina de sitio local &#8220;<a title=\"Local Travel Discussions\" href=\"https:\/\/www.couchsurfing.com\/nearby\/51.5237979\/7.471851\/Dortmund,%20North%20Rhine-Westphalia,%20Germany\">Local Travel Discussions<\/a>&#8221; cerca de Dortmund o el grupo &#8220;<a title=\"Dortmund\" href=\"https:\/\/www.couchsurfing.org\/group.html?gid=8167\">Dortmund<\/a>&#8220;. Y el grupo <a href=\"https:\/\/www.couchsurfing.org\/group.html?gid=44185\" title=\"Espa\u00f1ol intercambio Dortmund\">Espa\u00f1ol Dortmund<\/a> est\u00e1 en CS tambi\u00e9n.<\/li>\n<\/ul>\n<h3>Cine latino<\/h3>\n<ul>\n<li>\u00a0En Dortmund hay un encuentro en Auslandsgesellschaft donde ellos muestran peliculas en\u00a0espa\u00f1ol. Visitar la <a title=\"pagina web\" href=\"http:\/\/www.iberoamerikakreis.de\/\">pagina web<\/a> para obtener m\u00e1s informaciones.<\/li>\n<\/ul>\n","protected":false},"excerpt":{"rendered":"<p>This page is intended to list some opportunities to get into contact to other people in Dortmund. Please leave new suggesstions or corrections in the comments if you like \ud83d\ude42 . For nearly every page mentioned you&#8217;ll have to sign up, though. International Sprachcaf\u00e9 \/ language exchange Every 1st and 3rd Tuesday there&#8217;s a language exchange in MUK (G\u00fcntherstra\u00dfe). Everyone&#8217;s welcome! See this page for more information or visit the facebook page. Jeden 1. und 3. Dienstag findet ein Sprachcaf\u00e9 im MUK (G\u00fcntherstra\u00dfe) statt. Jeder ist willkommen! Mehr Informationen gibt es auch auf dieser Seite oder auf der Facebookseite. Deutsch Facebook Die einfachste Anlaufstelle auf FB ist sicherlich die Gruppe &#8220;Neu in Dortmund&#8220;. Hier kann man schnell Leute f\u00fcr gemeinsame Treffen kennenlernen. Es gibt organisierte, w\u00f6chentliche Treffen (Stammtisch). Leute aus aller Welt trifft man in der Gruppe &#8220;International Get-Togethers in Dortmund&#8220;. Die CouchSurfer aus Dortmund diskutieren auch in der FB-Gruppe &#8220;CouchSurfing &#8211; Dortmund&#8220;. Hospitality Exchange Auf BeWelcome gibt es eine Dortmund-Gruppe. In Dortmund gibt es eine gro\u00dfe CouchSurfing Community mit vielen Events. Anlaufstellen sind hier das geographisch um Dortmund herum verortete &#8220;Diskussionsforum&#8221; und die klassische Gruppe &#8220;Dortmund&#8220;. Spontacts \u00a0Auf Spontacts kann man die Suche auf den Umkreis um Dortmund eingrenzen, [&hellip;]<\/p>\n","protected":false},"author":1,"featured_media":0,"parent":0,"menu_order":0,"comment_status":"open","ping_status":"closed","template":"","meta":{"sfsi_plus_gutenberg_text_before_share":"","sfsi_plus_gutenberg_show_text_before_share":"","sfsi_plus_gutenberg_icon_type":"","sfsi_plus_gutenberg_icon_alignemt":"","sfsi_plus_gutenburg_max_per_row":"","footnotes":""},"class_list":["post-42","page","type-page","status-publish","hentry"],"_links":{"self":[{"href":"https:\/\/blog.sebrem.de\/index.php?rest_route=\/wp\/v2\/pages\/42","targetHints":{"allow":["GET"]}}],"collection":[{"href":"https:\/\/blog.sebrem.de\/index.php?rest_route=\/wp\/v2\/pages"}],"about":[{"href":"https:\/\/blog.sebrem.de\/index.php?rest_route=\/wp\/v2\/types\/page"}],"author":[{"embeddable":true,"href":"https:\/\/blog.sebrem.de\/index.php?rest_route=\/wp\/v2\/users\/1"}],"replies":[{"embeddable":true,"href":"https:\/\/blog.sebrem.de\/index.php?rest_route=%2Fwp%2Fv2%2Fcomments&post=42"}],"version-history":[{"count":23,"href":"https:\/\/blog.sebrem.de\/index.php?rest_route=\/wp\/v2\/pages\/42\/revisions"}],"predecessor-version":[{"id":1081,"href":"https:\/\/blog.sebrem.de\/index.php?rest_route=\/wp\/v2\/pages\/42\/revisions\/1081"}],"wp:attachment":[{"href":"https:\/\/blog.sebrem.de\/index.php?rest_route=%2Fwp%2Fv2%2Fmedia&parent=42"}],"curies":[{"name":"wp","href":"https:\/\/api.w.org\/{rel}","templated":true}]}}